{"id":2242,"date":"2025-01-03T16:53:41","date_gmt":"2025-01-03T13:53:41","guid":{"rendered":"https:\/\/zemeroom.lv\/?page_id=2242"},"modified":"2026-02-03T17:44:17","modified_gmt":"2026-02-03T14:44:17","slug":"goto-sushi-piegade","status":"publish","type":"page","link":"https:\/\/zemeroom.lv\/en\/goto-sushi-piegade\/","title":{"rendered":"Go To Sushi Bar \u0112dienu Pieg\u0101de"},"content":{"rendered":"<div data-elementor-type=\"wp-page\" data-elementor-id=\"2242\" class=\"elementor elementor-2242\">\n\t\t\t\t\t\t<section class=\"elementor-section elementor-top-section elementor-element elementor-element-77e56ef elementor-section-boxed elementor-section-height-default elementor-section-height-default\" data-id=\"77e56ef\" data-element_type=\"section\" data-e-type=\"section\" data-settings=\"{&quot;background_background&quot;:&quot;classic&quot;,&quot;jet_parallax_layout_list&quot;:[]}\">\n\t\t\t\t\t\t\t<div class=\"elementor-background-overlay\"><\/div>\n\t\t\t\t\t\t\t<div class=\"elementor-container elementor-column-gap-no\">\n\t\t\t\t\t<div class=\"elementor-column elementor-col-100 elementor-top-column elementor-element elementor-element-ffa79e8\" data-id=\"ffa79e8\" data-element_type=\"column\" data-e-type=\"column\">\n\t\t\t<div class=\"elementor-widget-wrap elementor-element-populated\">\n\t\t\t\t\t\t<div class=\"elementor-element elementor-element-90a1de3 elementor-widget elementor-widget-heading\" data-id=\"90a1de3\" data-element_type=\"widget\" data-e-type=\"widget\" data-widget_type=\"heading.default\">\n\t\t\t\t<div class=\"elementor-widget-container\">\n\t\t\t\t\t<h1 class=\"elementor-heading-title elementor-size-default\">Hot dinner with delivery<\/h1>\t\t\t\t<\/div>\n\t\t\t\t<\/div>\n\t\t\t\t<div class=\"elementor-element elementor-element-a7b4e0c elementor-widget-divider--view-line elementor-widget elementor-widget-divider\" data-id=\"a7b4e0c\" data-element_type=\"widget\" data-e-type=\"widget\" data-widget_type=\"divider.default\">\n\t\t\t\t<div class=\"elementor-widget-container\">\n\t\t\t\t\t\t\t<div class=\"elementor-divider\">\n\t\t\t<span class=\"elementor-divider-separator\">\n\t\t\t\t\t\t<\/span>\n\t\t<\/div>\n\t\t\t\t\t\t<\/div>\n\t\t\t\t<\/div>\n\t\t\t\t\t<\/div>\n\t\t<\/div>\n\t\t\t\t\t<\/div>\n\t\t<\/section>\n\t\t<div class=\"elementor-element elementor-element-fcda38d e-flex e-con-boxed e-con e-parent\" data-id=\"fcda38d\" data-element_type=\"container\" data-e-type=\"container\" data-settings=\"{&quot;jet_parallax_layout_list&quot;:[]}\">\n\t\t\t\t\t<div class=\"e-con-inner\">\n\t\t<div class=\"elementor-element elementor-element-730f332 e-con-full e-flex e-con e-child\" data-id=\"730f332\" data-element_type=\"container\" data-e-type=\"container\" data-settings=\"{&quot;jet_parallax_layout_list&quot;:[]}\">\n\t\t\t\t<div class=\"elementor-element elementor-element-5162a09 elementor-widget elementor-widget-heading\" data-id=\"5162a09\" data-element_type=\"widget\" data-e-type=\"widget\" data-widget_type=\"heading.default\">\n\t\t\t\t<div class=\"elementor-widget-container\">\n\t\t\t\t\t<h3 class=\"elementor-heading-title elementor-size-default\">In collaboration with Go to sushi bar, it is possible to order food with delivery at the Zeme Room rest house!  <\/h3>\t\t\t\t<\/div>\n\t\t\t\t<\/div>\n\t\t<div class=\"elementor-element elementor-element-7be3a4b e-flex e-con-boxed e-con e-child\" data-id=\"7be3a4b\" data-element_type=\"container\" data-e-type=\"container\" data-settings=\"{&quot;background_background&quot;:&quot;classic&quot;,&quot;jet_parallax_layout_list&quot;:[]}\">\n\t\t\t\t\t<div class=\"e-con-inner\">\n\t\t\t\t<div class=\"elementor-element elementor-element-cbcb25c elementor-widget elementor-widget-heading\" data-id=\"cbcb25c\" data-element_type=\"widget\" data-e-type=\"widget\" data-widget_type=\"heading.default\">\n\t\t\t\t<div class=\"elementor-widget-container\">\n\t\t\t\t\t<h2 class=\"elementor-heading-title elementor-size-default\">How to order?<\/h2>\t\t\t\t<\/div>\n\t\t\t\t<\/div>\n\t\t\t\t<div class=\"elementor-element elementor-element-ef9efab elementor-icon-list--layout-traditional elementor-list-item-link-full_width elementor-widget elementor-widget-icon-list\" data-id=\"ef9efab\" data-element_type=\"widget\" data-e-type=\"widget\" data-widget_type=\"icon-list.default\">\n\t\t\t\t<div class=\"elementor-widget-container\">\n\t\t\t\t\t\t\t<ul class=\"elementor-icon-list-items\">\n\t\t\t\t\t\t\t<li class=\"elementor-icon-list-item\">\n\t\t\t\t\t\t\t\t\t\t\t<a href=\"https:\/\/www.gotosushibar.lv\/\" target=\"_blank\">\n\n\t\t\t\t\t\t\t\t\t\t\t\t<span class=\"elementor-icon-list-icon\">\n\t\t\t\t\t\t\t<i aria-hidden=\"true\" class=\"fas fa-check\"><\/i>\t\t\t\t\t\t<\/span>\n\t\t\t\t\t\t\t\t\t\t<span class=\"elementor-icon-list-text\">View the menu <b>here<\/b><\/span>\n\t\t\t\t\t\t\t\t\t\t\t<\/a>\n\t\t\t\t\t\t\t\t\t<\/li>\n\t\t\t\t\t\t\t\t<li class=\"elementor-icon-list-item\">\n\t\t\t\t\t\t\t\t\t\t\t<a href=\"tel:+37124204050\" target=\"_blank\">\n\n\t\t\t\t\t\t\t\t\t\t\t\t<span class=\"elementor-icon-list-icon\">\n\t\t\t\t\t\t\t<i aria-hidden=\"true\" class=\"fas fa-check\"><\/i>\t\t\t\t\t\t<\/span>\n\t\t\t\t\t\t\t\t\t\t<span class=\"elementor-icon-list-text\">Choose your meal and call <b>24 20 40 50<\/b>, to place your order<\/span>\n\t\t\t\t\t\t\t\t\t\t\t<\/a>\n\t\t\t\t\t\t\t\t\t<\/li>\n\t\t\t\t\t\t\t\t<li class=\"elementor-icon-list-item\">\n\t\t\t\t\t\t\t\t\t\t\t<span class=\"elementor-icon-list-icon\">\n\t\t\t\t\t\t\t<i aria-hidden=\"true\" class=\"fas fa-check\"><\/i>\t\t\t\t\t\t<\/span>\n\t\t\t\t\t\t\t\t\t\t<span class=\"elementor-icon-list-text\">When placing an order, please indicate the delivery address as <b>\"ZeME Room\"<\/b> <i><u>(Hill Room vai Forest Room nami\u0146\u0161)<\/u><\/i><\/span>\n\t\t\t\t\t\t\t\t\t<\/li>\n\t\t\t\t\t\t<\/ul>\n\t\t\t\t\t\t<\/div>\n\t\t\t\t<\/div>\n\t\t\t\t<div class=\"elementor-element elementor-element-0a35de5 elementor-widget elementor-widget-text-editor\" data-id=\"0a35de5\" data-element_type=\"widget\" data-e-type=\"widget\" data-widget_type=\"text-editor.default\">\n\t\t\t\t<div class=\"elementor-widget-container\">\n\t\t\t\t\t\t\t\t\t<p>Delivery fee 8.00 EUR. Delivery time will be specified when placing the order. Go To Sushi Bar website is available here \u2013 <a href=\"https:\/\/gotosushibar.lv\/\" target=\"_blank\" rel=\"noopener\">https:\/\/gotosushibar.lv\/<\/a><\/p>\t\t\t\t\t\t\t\t<\/div>\n\t\t\t\t<\/div>\n\t\t\t\t\t<\/div>\n\t\t\t\t<\/div>\n\t\t\t\t<div class=\"elementor-element elementor-element-e742500 elementor-widget-divider--view-line elementor-widget elementor-widget-divider\" data-id=\"e742500\" data-element_type=\"widget\" data-e-type=\"widget\" data-widget_type=\"divider.default\">\n\t\t\t\t<div class=\"elementor-widget-container\">\n\t\t\t\t\t\t\t<div class=\"elementor-divider\">\n\t\t\t<span class=\"elementor-divider-separator\">\n\t\t\t\t\t\t<\/span>\n\t\t<\/div>\n\t\t\t\t\t\t<\/div>\n\t\t\t\t<\/div>\n\t\t\t\t<\/div>\n\t\t<div class=\"elementor-element elementor-element-273004f e-con-full e-flex e-con e-child\" data-id=\"273004f\" data-element_type=\"container\" data-e-type=\"container\" data-settings=\"{&quot;jet_parallax_layout_list&quot;:[]}\">\n\t\t\t\t<div class=\"elementor-element elementor-element-c288ea7 elementor-widget elementor-widget-image\" data-id=\"c288ea7\" data-element_type=\"widget\" data-e-type=\"widget\" data-widget_type=\"image.default\">\n\t\t\t\t<div class=\"elementor-widget-container\">\n\t\t\t\t\t\t\t\t\t\t\t\t\t\t\t\t<a href=\"https:\/\/zemeroom.lv\/wp-content\/uploads\/2025\/01\/lidznemsana.jpg\" data-elementor-open-lightbox=\"yes\" data-e-action-hash=\"#elementor-action%3Aaction%3Dlightbox%26settings%3DeyJpZCI6MjI2OSwidXJsIjoiaHR0cHM6XC9cL3plbWVyb29tLmx2XC93cC1jb250ZW50XC91cGxvYWRzXC8yMDI1XC8wMVwvbGlkem5lbXNhbmEuanBnIn0%3D\">\n\t\t\t\t\t\t\t<img fetchpriority=\"high\" decoding=\"async\" width=\"580\" height=\"833\" src=\"https:\/\/zemeroom.lv\/wp-content\/uploads\/2025\/01\/lidznemsana.jpg\" class=\"attachment-large size-large wp-image-2269\" alt=\"\" srcset=\"https:\/\/zemeroom.lv\/wp-content\/uploads\/2025\/01\/lidznemsana.jpg 580w, https:\/\/zemeroom.lv\/wp-content\/uploads\/2025\/01\/lidznemsana-209x300.jpg 209w, https:\/\/zemeroom.lv\/wp-content\/uploads\/2025\/01\/lidznemsana-8x12.jpg 8w\" sizes=\"(max-width: 580px) 100vw, 580px\" \/>\t\t\t\t\t\t\t\t<\/a>\n\t\t\t\t\t\t\t\t\t\t\t\t\t\t\t<\/div>\n\t\t\t\t<\/div>\n\t\t\t\t<\/div>\n\t\t\t\t\t<\/div>\n\t\t\t\t<\/div>\n\t\t\t\t<section class=\"elementor-section elementor-top-section elementor-element elementor-element-acf5a55 elementor-section-full_width elementor-section-height-default elementor-section-height-default\" data-id=\"acf5a55\" data-element_type=\"section\" data-e-type=\"section\" data-settings=\"{&quot;jet_parallax_layout_list&quot;:[]}\">\n\t\t\t\t\t\t<div class=\"elementor-container elementor-column-gap-no\">\n\t\t\t\t\t<div class=\"elementor-column elementor-col-50 elementor-top-column elementor-element elementor-element-01ef38b\" data-id=\"01ef38b\" data-element_type=\"column\" data-e-type=\"column\">\n\t\t\t<div class=\"elementor-widget-wrap elementor-element-populated\">\n\t\t\t\t\t\t<div class=\"elementor-element elementor-element-dd8824e elementor-widget elementor-widget-google_maps\" data-id=\"dd8824e\" data-element_type=\"widget\" data-e-type=\"widget\" data-widget_type=\"google_maps.default\">\n\t\t\t\t<div class=\"elementor-widget-container\">\n\t\t\t\t\t\t\t<div class=\"elementor-custom-embed\">\n\t\t\t<iframe loading=\"lazy\"\n\t\t\t\t\tsrc=\"https:\/\/maps.google.com\/maps?q=57.2411919%2C25.5538662&#038;t=m&#038;z=14&#038;output=embed&#038;iwloc=near\"\n\t\t\t\t\ttitle=\"57.2411919,25.5538662\"\n\t\t\t\t\taria-label=\"57.2411919,25.5538662\"\n\t\t\t><\/iframe>\n\t\t<\/div>\n\t\t\t\t\t\t<\/div>\n\t\t\t\t<\/div>\n\t\t\t\t\t<\/div>\n\t\t<\/div>\n\t\t\t\t<div class=\"elementor-column elementor-col-50 elementor-top-column elementor-element elementor-element-5cb48b7\" data-id=\"5cb48b7\" data-element_type=\"column\" data-e-type=\"column\" data-settings=\"{&quot;background_background&quot;:&quot;classic&quot;}\">\n\t\t\t<div class=\"elementor-widget-wrap elementor-element-populated\">\n\t\t\t\t\t\t<div class=\"elementor-element elementor-element-b72d16f elementor-widget elementor-widget-heading\" data-id=\"b72d16f\" data-element_type=\"widget\" data-e-type=\"widget\" data-widget_type=\"heading.default\">\n\t\t\t\t<div class=\"elementor-widget-container\">\n\t\t\t\t\t<h3 class=\"elementor-heading-title elementor-size-default\">Send us a message<\/h3>\t\t\t\t<\/div>\n\t\t\t\t<\/div>\n\t\t\t\t<div class=\"elementor-element elementor-element-7db7f57 elementor-button-align-stretch elementor-widget elementor-widget-form\" data-id=\"7db7f57\" data-element_type=\"widget\" data-e-type=\"widget\" data-settings=\"{&quot;step_next_label&quot;:&quot;Next&quot;,&quot;step_previous_label&quot;:&quot;Previous&quot;,&quot;button_width&quot;:&quot;100&quot;,&quot;step_type&quot;:&quot;number_text&quot;,&quot;step_icon_shape&quot;:&quot;circle&quot;}\" data-widget_type=\"form.default\">\n\t\t\t\t<div class=\"elementor-widget-container\">\n\t\t\t\t\t\t\t<form class=\"elementor-form\" method=\"post\" name=\"New Form\" action=\"\">\n\t\t\t<input type=\"hidden\" name=\"post_id\" value=\"2242\"\/>\n\t\t\t<input type=\"hidden\" name=\"form_id\" value=\"7db7f57\"\/>\n\t\t\t<input type=\"hidden\" name=\"referer_title\" value=\"ZeME Nature Room\" \/>\n\n\t\t\t\n\t\t\t<div class=\"elementor-form-fields-wrapper elementor-labels-\">\n\t\t\t\t\t\t\t\t<div class=\"elementor-field-type-text elementor-field-group elementor-column elementor-field-group-name elementor-col-100 elementor-field-required\">\n\t\t\t\t\t\t\t\t\t\t\t\t<label for=\"form-field-name\" class=\"elementor-field-label elementor-screen-only\">\n\t\t\t\t\t\t\t\tV\u0101rds\t\t\t\t\t\t\t<\/label>\n\t\t\t\t\t\t\t\t\t\t\t\t\t\t<input size=\"1\" type=\"text\" name=\"form_fields[name]\" id=\"form-field-name\" class=\"elementor-field elementor-size-sm  elementor-field-textual\" placeholder=\"Your name:\" required=\"required\" aria-required=\"true\">\n\t\t\t\t\t\t\t\t\t\t\t<\/div>\n\t\t\t\t\t\t\t\t<div class=\"elementor-field-type-email elementor-field-group elementor-column elementor-field-group-email elementor-col-100 elementor-field-required\">\n\t\t\t\t\t\t\t\t\t\t\t\t<label for=\"form-field-email\" class=\"elementor-field-label elementor-screen-only\">\n\t\t\t\t\t\t\t\tEpasts\t\t\t\t\t\t\t<\/label>\n\t\t\t\t\t\t\t\t\t\t\t\t\t\t<input size=\"1\" type=\"email\" name=\"form_fields[email]\" id=\"form-field-email\" class=\"elementor-field elementor-size-sm  elementor-field-textual\" placeholder=\"E-mail:\" required=\"required\" aria-required=\"true\">\n\t\t\t\t\t\t\t\t\t\t\t<\/div>\n\t\t\t\t\t\t\t\t<div class=\"elementor-field-type-number elementor-field-group elementor-column elementor-field-group-field_b899e61 elementor-col-100\">\n\t\t\t\t\t\t\t\t\t\t\t\t<label for=\"form-field-field_b899e61\" class=\"elementor-field-label elementor-screen-only\">\n\t\t\t\t\t\t\t\tTel. Nr\t\t\t\t\t\t\t<\/label>\n\t\t\t\t\t\t\t\t\t<input type=\"number\" name=\"form_fields[field_b899e61]\" id=\"form-field-field_b899e61\" class=\"elementor-field elementor-size-sm  elementor-field-textual\" placeholder=\"Phone number:\" min=\"\" max=\"\" >\n\t\t\t\t\t\t<\/div>\n\t\t\t\t\t\t\t\t<div class=\"elementor-field-type-textarea elementor-field-group elementor-column elementor-field-group-message elementor-col-100\">\n\t\t\t\t\t\t\t\t\t\t\t\t<label for=\"form-field-message\" class=\"elementor-field-label elementor-screen-only\">\n\t\t\t\t\t\t\t\tMessage\t\t\t\t\t\t\t<\/label>\n\t\t\t\t\t\t<textarea class=\"elementor-field-textual elementor-field  elementor-size-sm\" name=\"form_fields[message]\" id=\"form-field-message\" rows=\"4\" placeholder=\"Message\"><\/textarea>\t\t\t\t<\/div>\n\t\t\t\t\t\t\t\t<div class=\"elementor-field-group elementor-column elementor-field-type-submit elementor-col-100 e-form__buttons\">\n\t\t\t\t\t<button type=\"submit\" class=\"elementor-button elementor-size-sm\">\n\t\t\t\t\t\t<span >\n\t\t\t\t\t\t\t\t\t\t\t\t\t\t\t<span class=\"elementor-button-icon\">\n\t\t\t\t\t\t\t\t\t\t\t\t\t\t\t\t\t\t\t\t\t\t\t\t\t\t<\/span>\n\t\t\t\t\t\t\t\t\t\t\t\t\t\t\t\t\t\t\t\t\t\t<span class=\"elementor-button-text\">Send<\/span>\n\t\t\t\t\t\t\t\t\t\t\t\t\t<\/span>\n\t\t\t\t\t<\/button>\n\t\t\t\t<\/div>\n\t\t\t<\/div>\n\t\t<input type=\"hidden\" name=\"trp-form-language\" value=\"en\"\/><\/form>\n\t\t\t\t\t\t<\/div>\n\t\t\t\t<\/div>\n\t\t\t\t\t<\/div>\n\t\t<\/div>\n\t\t\t\t\t<\/div>\n\t\t<\/section>\n\t\t<div class=\"elementor-element elementor-element-03c800a e-con-full e-flex e-con e-parent\" data-id=\"03c800a\" data-element_type=\"container\" data-e-type=\"container\" data-settings=\"{&quot;jet_parallax_layout_list&quot;:[]}\">\n\t\t\t\t<\/div>\n\t\t\t\t<\/div>","protected":false},"excerpt":{"rendered":"<p>Vakari\u0146as ar pieg\u0101di! Sadarb\u012bb\u0101 ar Go to sushi bar, zeme room atp\u016btas nami\u0146\u0101 ir iesp\u0113jams pas\u016bt\u012b \u0113dienu ar pieg\u0101di! K\u0101 veikt pas\u016bt\u012bjumu? Apskati \u0113dienkarti \u0161eit Izv\u0113lies \u0113dienu un zvani 24 20 40 50, lai veiktu pas\u016bt\u012bjumu Veicot pas\u016bt\u012bjumu pieg\u0101des adresi nor\u0101di &#8220;ZeME Room&#8221; (Hill Room vai Forest Room nami\u0146\u0161) Pieg\u0101des maksa 8.00 EUR. Pieg\u0101des laiks [&hellip;]<\/p>","protected":false},"author":1,"featured_media":0,"parent":0,"menu_order":0,"comment_status":"closed","ping_status":"closed","template":"","meta":{"site-sidebar-layout":"no-sidebar","site-content-layout":"page-builder","ast-site-content-layout":"full-width-container","site-content-style":"unboxed","site-sidebar-style":"unboxed","ast-global-header-display":"","ast-banner-title-visibility":"","ast-main-header-display":"","ast-hfb-above-header-display":"","ast-hfb-below-header-display":"","ast-hfb-mobile-header-display":"","site-post-title":"disabled","ast-breadcrumbs-content":"","ast-featured-img":"disabled","footer-sml-layout":"disabled","ast-disable-related-posts":"","theme-transparent-header-meta":"enabled","adv-header-id-meta":"","stick-header-meta":"","header-above-stick-meta":"","header-main-stick-meta":"","header-below-stick-meta":"","astra-migrate-meta-layouts":"set","ast-page-background-enabled":"default","ast-page-background-meta":{"desktop":{"background-color":"","background-image":"","background-repeat":"repeat","background-position":"center center","background-size":"auto","background-attachment":"scroll","background-type":"","background-media":"","overlay-type":"","overlay-color":"","overlay-opacity":"","overlay-gradient":""},"tablet":{"background-color":"","background-image":"","background-repeat":"repeat","background-position":"center center","background-size":"auto","background-attachment":"scroll","background-type":"","background-media":"","overlay-type":"","overlay-color":"","overlay-opacity":"","overlay-gradient":""},"mobile":{"background-color":"","background-image":"","background-repeat":"repeat","background-position":"center center","background-size":"auto","background-attachment":"scroll","background-type":"","background-media":"","overlay-type":"","overlay-color":"","overlay-opacity":"","overlay-gradient":""}},"ast-content-background-meta":{"desktop":{"background-color":"var(--ast-global-color-5)","background-image":"","background-repeat":"repeat","background-position":"center center","background-size":"auto","background-attachment":"scroll","background-type":"","background-media":"","overlay-type":"","overlay-color":"","overlay-opacity":"","overlay-gradient":""},"tablet":{"background-color":"var(--ast-global-color-5)","background-image":"","background-repeat":"repeat","background-position":"center center","background-size":"auto","background-attachment":"scroll","background-type":"","background-media":"","overlay-type":"","overlay-color":"","overlay-opacity":"","overlay-gradient":""},"mobile":{"background-color":"var(--ast-global-color-5)","background-image":"","background-repeat":"repeat","background-position":"center center","background-size":"auto","background-attachment":"scroll","background-type":"","background-media":"","overlay-type":"","overlay-color":"","overlay-opacity":"","overlay-gradient":""}},"footnotes":""},"class_list":["post-2242","page","type-page","status-publish","hentry"],"yoast_head":"<!-- This site is optimized with the Yoast SEO plugin v27.4 - https:\/\/yoast.com\/product\/yoast-seo-wordpress\/ -->\n<title>Go To Sushi Bar \u0112dienu Pieg\u0101de - ZeME Nature Room<\/title>\n<meta name=\"robots\" content=\"index, follow, max-snippet:-1, max-image-preview:large, max-video-preview:-1\" \/>\n<link rel=\"canonical\" href=\"https:\/\/zemeroom.lv\/en\/goto-sushi-piegade\/\" \/>\n<meta property=\"og:locale\" content=\"en_US\" \/>\n<meta property=\"og:type\" content=\"article\" \/>\n<meta property=\"og:title\" content=\"Go To Sushi Bar \u0112dienu Pieg\u0101de - ZeME Nature Room\" \/>\n<meta property=\"og:description\" content=\"Vakari\u0146as ar pieg\u0101di! Sadarb\u012bb\u0101 ar Go to sushi bar, zeme room atp\u016btas nami\u0146\u0101 ir iesp\u0113jams pas\u016bt\u012b \u0113dienu ar pieg\u0101di! K\u0101 veikt pas\u016bt\u012bjumu? Apskati \u0113dienkarti \u0161eit Izv\u0113lies \u0113dienu un zvani 24 20 40 50, lai veiktu pas\u016bt\u012bjumu Veicot pas\u016bt\u012bjumu pieg\u0101des adresi nor\u0101di &#8220;ZeME Room&#8221; (Hill Room vai Forest Room nami\u0146\u0161) Pieg\u0101des maksa 8.00 EUR. Pieg\u0101des laiks [&hellip;]\" \/>\n<meta property=\"og:url\" content=\"https:\/\/zemeroom.lv\/en\/goto-sushi-piegade\/\" \/>\n<meta property=\"og:site_name\" content=\"ZeME Nature Room\" \/>\n<meta property=\"article:modified_time\" content=\"2026-02-03T14:44:17+00:00\" \/>\n<meta property=\"og:image\" content=\"https:\/\/zemeroom.lv\/wp-content\/uploads\/2025\/01\/lidznemsana.jpg\" \/>\n\t<meta property=\"og:image:width\" content=\"580\" \/>\n\t<meta property=\"og:image:height\" content=\"833\" \/>\n\t<meta property=\"og:image:type\" content=\"image\/jpeg\" \/>\n<meta name=\"twitter:card\" content=\"summary_large_image\" \/>\n<meta name=\"twitter:label1\" content=\"Est. reading time\" \/>\n\t<meta name=\"twitter:data1\" content=\"1 minute\" \/>\n<script type=\"application\/ld+json\" class=\"yoast-schema-graph\">{\"@context\":\"https:\\\/\\\/schema.org\",\"@graph\":[{\"@type\":\"WebPage\",\"@id\":\"https:\\\/\\\/zemeroom.lv\\\/goto-sushi-piegade\\\/\",\"url\":\"https:\\\/\\\/zemeroom.lv\\\/goto-sushi-piegade\\\/\",\"name\":\"Go To Sushi Bar \u0112dienu Pieg\u0101de - ZeME Nature Room\",\"isPartOf\":{\"@id\":\"https:\\\/\\\/zemeroom.lv\\\/#website\"},\"primaryImageOfPage\":{\"@id\":\"https:\\\/\\\/zemeroom.lv\\\/goto-sushi-piegade\\\/#primaryimage\"},\"image\":{\"@id\":\"https:\\\/\\\/zemeroom.lv\\\/goto-sushi-piegade\\\/#primaryimage\"},\"thumbnailUrl\":\"https:\\\/\\\/zemeroom.lv\\\/wp-content\\\/uploads\\\/2025\\\/01\\\/lidznemsana.jpg\",\"datePublished\":\"2025-01-03T13:53:41+00:00\",\"dateModified\":\"2026-02-03T14:44:17+00:00\",\"breadcrumb\":{\"@id\":\"https:\\\/\\\/zemeroom.lv\\\/goto-sushi-piegade\\\/#breadcrumb\"},\"inLanguage\":\"en-US\",\"potentialAction\":[{\"@type\":\"ReadAction\",\"target\":[\"https:\\\/\\\/zemeroom.lv\\\/goto-sushi-piegade\\\/\"]}]},{\"@type\":\"ImageObject\",\"inLanguage\":\"en-US\",\"@id\":\"https:\\\/\\\/zemeroom.lv\\\/goto-sushi-piegade\\\/#primaryimage\",\"url\":\"https:\\\/\\\/zemeroom.lv\\\/wp-content\\\/uploads\\\/2025\\\/01\\\/lidznemsana.jpg\",\"contentUrl\":\"https:\\\/\\\/zemeroom.lv\\\/wp-content\\\/uploads\\\/2025\\\/01\\\/lidznemsana.jpg\"},{\"@type\":\"BreadcrumbList\",\"@id\":\"https:\\\/\\\/zemeroom.lv\\\/goto-sushi-piegade\\\/#breadcrumb\",\"itemListElement\":[{\"@type\":\"ListItem\",\"position\":1,\"name\":\"Home\",\"item\":\"https:\\\/\\\/zemeroom.lv\\\/\"},{\"@type\":\"ListItem\",\"position\":2,\"name\":\"Go To Sushi Bar \u0112dienu Pieg\u0101de\"}]},{\"@type\":\"WebSite\",\"@id\":\"https:\\\/\\\/zemeroom.lv\\\/#website\",\"url\":\"https:\\\/\\\/zemeroom.lv\\\/\",\"name\":\"ZeME Nature Room\",\"description\":\"\",\"publisher\":{\"@id\":\"https:\\\/\\\/zemeroom.lv\\\/#organization\"},\"potentialAction\":[{\"@type\":\"SearchAction\",\"target\":{\"@type\":\"EntryPoint\",\"urlTemplate\":\"https:\\\/\\\/zemeroom.lv\\\/?s={search_term_string}\"},\"query-input\":{\"@type\":\"PropertyValueSpecification\",\"valueRequired\":true,\"valueName\":\"search_term_string\"}}],\"inLanguage\":\"en-US\"},{\"@type\":\"Organization\",\"@id\":\"https:\\\/\\\/zemeroom.lv\\\/#organization\",\"name\":\"ZeME Room\",\"url\":\"https:\\\/\\\/zemeroom.lv\\\/\",\"logo\":{\"@type\":\"ImageObject\",\"inLanguage\":\"en-US\",\"@id\":\"https:\\\/\\\/zemeroom.lv\\\/#\\\/schema\\\/logo\\\/image\\\/\",\"url\":\"https:\\\/\\\/zemeroom.lv\\\/wp-content\\\/uploads\\\/2023\\\/08\\\/cropped-logo-cropped-dark.png\",\"contentUrl\":\"https:\\\/\\\/zemeroom.lv\\\/wp-content\\\/uploads\\\/2023\\\/08\\\/cropped-logo-cropped-dark.png\",\"width\":203,\"height\":197,\"caption\":\"ZeME Room\"},\"image\":{\"@id\":\"https:\\\/\\\/zemeroom.lv\\\/#\\\/schema\\\/logo\\\/image\\\/\"}}]}<\/script>\n<!-- \/ Yoast SEO plugin. -->","yoast_head_json":{"title":"Go To Sushi Bar \u0112dienu Pieg\u0101de - ZeME Nature Room","robots":{"index":"index","follow":"follow","max-snippet":"max-snippet:-1","max-image-preview":"max-image-preview:large","max-video-preview":"max-video-preview:-1"},"canonical":"https:\/\/zemeroom.lv\/en\/goto-sushi-piegade\/","og_locale":"en_US","og_type":"article","og_title":"Go To Sushi Bar \u0112dienu Pieg\u0101de - ZeME Nature Room","og_description":"Vakari\u0146as ar pieg\u0101di! Sadarb\u012bb\u0101 ar Go to sushi bar, zeme room atp\u016btas nami\u0146\u0101 ir iesp\u0113jams pas\u016bt\u012b \u0113dienu ar pieg\u0101di! K\u0101 veikt pas\u016bt\u012bjumu? Apskati \u0113dienkarti \u0161eit Izv\u0113lies \u0113dienu un zvani 24 20 40 50, lai veiktu pas\u016bt\u012bjumu Veicot pas\u016bt\u012bjumu pieg\u0101des adresi nor\u0101di &#8220;ZeME Room&#8221; (Hill Room vai Forest Room nami\u0146\u0161) Pieg\u0101des maksa 8.00 EUR. Pieg\u0101des laiks [&hellip;]","og_url":"https:\/\/zemeroom.lv\/en\/goto-sushi-piegade\/","og_site_name":"ZeME Nature Room","article_modified_time":"2026-02-03T14:44:17+00:00","og_image":[{"width":580,"height":833,"url":"https:\/\/zemeroom.lv\/wp-content\/uploads\/2025\/01\/lidznemsana.jpg","type":"image\/jpeg"}],"twitter_card":"summary_large_image","twitter_misc":{"Est. reading time":"1 minute"},"schema":{"@context":"https:\/\/schema.org","@graph":[{"@type":"WebPage","@id":"https:\/\/zemeroom.lv\/goto-sushi-piegade\/","url":"https:\/\/zemeroom.lv\/goto-sushi-piegade\/","name":"Go To Sushi Bar \u0112dienu Pieg\u0101de - ZeME Nature Room","isPartOf":{"@id":"https:\/\/zemeroom.lv\/#website"},"primaryImageOfPage":{"@id":"https:\/\/zemeroom.lv\/goto-sushi-piegade\/#primaryimage"},"image":{"@id":"https:\/\/zemeroom.lv\/goto-sushi-piegade\/#primaryimage"},"thumbnailUrl":"https:\/\/zemeroom.lv\/wp-content\/uploads\/2025\/01\/lidznemsana.jpg","datePublished":"2025-01-03T13:53:41+00:00","dateModified":"2026-02-03T14:44:17+00:00","breadcrumb":{"@id":"https:\/\/zemeroom.lv\/goto-sushi-piegade\/#breadcrumb"},"inLanguage":"en-US","potentialAction":[{"@type":"ReadAction","target":["https:\/\/zemeroom.lv\/goto-sushi-piegade\/"]}]},{"@type":"ImageObject","inLanguage":"en-US","@id":"https:\/\/zemeroom.lv\/goto-sushi-piegade\/#primaryimage","url":"https:\/\/zemeroom.lv\/wp-content\/uploads\/2025\/01\/lidznemsana.jpg","contentUrl":"https:\/\/zemeroom.lv\/wp-content\/uploads\/2025\/01\/lidznemsana.jpg"},{"@type":"BreadcrumbList","@id":"https:\/\/zemeroom.lv\/goto-sushi-piegade\/#breadcrumb","itemListElement":[{"@type":"ListItem","position":1,"name":"Home","item":"https:\/\/zemeroom.lv\/"},{"@type":"ListItem","position":2,"name":"Go To Sushi Bar \u0112dienu Pieg\u0101de"}]},{"@type":"WebSite","@id":"https:\/\/zemeroom.lv\/#website","url":"https:\/\/zemeroom.lv\/","name":"ZeME Nature Room","description":"","publisher":{"@id":"https:\/\/zemeroom.lv\/#organization"},"potentialAction":[{"@type":"SearchAction","target":{"@type":"EntryPoint","urlTemplate":"https:\/\/zemeroom.lv\/?s={search_term_string}"},"query-input":{"@type":"PropertyValueSpecification","valueRequired":true,"valueName":"search_term_string"}}],"inLanguage":"en-US"},{"@type":"Organization","@id":"https:\/\/zemeroom.lv\/#organization","name":"ZeME Room","url":"https:\/\/zemeroom.lv\/","logo":{"@type":"ImageObject","inLanguage":"en-US","@id":"https:\/\/zemeroom.lv\/#\/schema\/logo\/image\/","url":"https:\/\/zemeroom.lv\/wp-content\/uploads\/2023\/08\/cropped-logo-cropped-dark.png","contentUrl":"https:\/\/zemeroom.lv\/wp-content\/uploads\/2023\/08\/cropped-logo-cropped-dark.png","width":203,"height":197,"caption":"ZeME Room"},"image":{"@id":"https:\/\/zemeroom.lv\/#\/schema\/logo\/image\/"}}]}},"_links":{"self":[{"href":"https:\/\/zemeroom.lv\/en\/wp-json\/wp\/v2\/pages\/2242","targetHints":{"allow":["GET"]}}],"collection":[{"href":"https:\/\/zemeroom.lv\/en\/wp-json\/wp\/v2\/pages"}],"about":[{"href":"https:\/\/zemeroom.lv\/en\/wp-json\/wp\/v2\/types\/page"}],"author":[{"embeddable":true,"href":"https:\/\/zemeroom.lv\/en\/wp-json\/wp\/v2\/users\/1"}],"replies":[{"embeddable":true,"href":"https:\/\/zemeroom.lv\/en\/wp-json\/wp\/v2\/comments?post=2242"}],"version-history":[{"count":31,"href":"https:\/\/zemeroom.lv\/en\/wp-json\/wp\/v2\/pages\/2242\/revisions"}],"predecessor-version":[{"id":3285,"href":"https:\/\/zemeroom.lv\/en\/wp-json\/wp\/v2\/pages\/2242\/revisions\/3285"}],"wp:attachment":[{"href":"https:\/\/zemeroom.lv\/en\/wp-json\/wp\/v2\/media?parent=2242"}],"curies":[{"name":"wp","href":"https:\/\/api.w.org\/{rel}","templated":true}]}}