{"id":3201,"date":"2025-07-29T20:52:35","date_gmt":"2025-07-29T17:52:35","guid":{"rendered":"https:\/\/zemeroom.lv\/?page_id=3201"},"modified":"2026-01-24T10:39:35","modified_gmt":"2026-01-24T07:39:35","slug":"galerija","status":"publish","type":"page","link":"https:\/\/zemeroom.lv\/ru\/galerija\/","title":{"rendered":"\u0413\u0430\u043b\u0435\u0440\u0435\u044f"},"content":{"rendered":"<div data-elementor-type=\"wp-page\" data-elementor-id=\"3201\" class=\"elementor elementor-3201\">\n\t\t\t\t<div class=\"elementor-element elementor-element-e75ebbe e-flex e-con-boxed e-con e-parent\" data-id=\"e75ebbe\" data-element_type=\"container\" data-settings=\"{&quot;background_background&quot;:&quot;classic&quot;,&quot;jet_parallax_layout_list&quot;:[]}\">\n\t\t\t\t\t<div class=\"e-con-inner\">\n\t\t<div class=\"elementor-element elementor-element-dd01ad4 e-con-full e-flex e-con e-child\" data-id=\"dd01ad4\" data-element_type=\"container\" data-settings=\"{&quot;jet_parallax_layout_list&quot;:[]}\">\n\t\t\t\t<div class=\"elementor-element elementor-element-24d24b0 elementor-widget elementor-widget-heading\" data-id=\"24d24b0\" data-element_type=\"widget\" data-widget_type=\"heading.default\">\n\t\t\t\t<div class=\"elementor-widget-container\">\n\t\t\t\t\t<h1 class=\"elementor-heading-title elementor-size-default\">\u0413\u0430\u043b\u0435\u0440\u0435\u044f<\/h1>\t\t\t\t<\/div>\n\t\t\t\t<\/div>\n\t\t\t\t<div class=\"elementor-element elementor-element-e8114ea elementor-widget-divider--view-line elementor-widget elementor-widget-divider\" data-id=\"e8114ea\" data-element_type=\"widget\" data-widget_type=\"divider.default\">\n\t\t\t\t<div class=\"elementor-widget-container\">\n\t\t\t\t\t\t\t<div class=\"elementor-divider\">\n\t\t\t<span class=\"elementor-divider-separator\">\n\t\t\t\t\t\t<\/span>\n\t\t<\/div>\n\t\t\t\t\t\t<\/div>\n\t\t\t\t<\/div>\n\t\t\t\t<\/div>\n\t\t\t\t\t<\/div>\n\t\t\t\t<\/div>\n\t\t<div class=\"elementor-element elementor-element-216e1a8 e-flex e-con-boxed e-con e-parent\" data-id=\"216e1a8\" data-element_type=\"container\" data-settings=\"{&quot;jet_parallax_layout_list&quot;:[]}\">\n\t\t\t\t\t<div class=\"e-con-inner\">\n\t\t\t\t<div class=\"elementor-element elementor-element-80500fc elementor-widget elementor-widget-heading\" data-id=\"80500fc\" data-element_type=\"widget\" data-widget_type=\"heading.default\">\n\t\t\t\t<div class=\"elementor-widget-container\">\n\t\t\t\t\t<h3 class=\"elementor-heading-title elementor-size-default\">Apskati tuv\u0101k abas m\u016bsu m\u0101jas - <br>ZeME Forest Room un ZeME Nature Room<\/h3>\t\t\t\t<\/div>\n\t\t\t\t<\/div>\n\t\t\t\t\t<\/div>\n\t\t\t\t<\/div>\n\t\t<div class=\"elementor-element elementor-element-a7d7dbc e-flex e-con-boxed e-con e-parent\" data-id=\"a7d7dbc\" data-element_type=\"container\" data-settings=\"{&quot;jet_parallax_layout_list&quot;:[]}\">\n\t\t\t\t\t<div class=\"e-con-inner\">\n\t\t<div class=\"elementor-element elementor-element-b6123bb e-con-full e-flex e-con e-child\" data-id=\"b6123bb\" data-element_type=\"container\" data-settings=\"{&quot;background_background&quot;:&quot;classic&quot;,&quot;jet_parallax_layout_list&quot;:[]}\">\n\t\t\t\t<div class=\"elementor-element elementor-element-80a7a29 elementor-widget elementor-widget-heading\" data-id=\"80a7a29\" data-element_type=\"widget\" data-widget_type=\"heading.default\">\n\t\t\t\t<div class=\"elementor-widget-container\">\n\t\t\t\t\t<h3 class=\"elementor-heading-title elementor-size-default\">Forest Room<\/h3>\t\t\t\t<\/div>\n\t\t\t\t<\/div>\n\t\t\t\t<div class=\"elementor-element elementor-element-0e34c72 elementor-widget elementor-widget-button\" data-id=\"0e34c72\" data-element_type=\"widget\" data-widget_type=\"button.default\">\n\t\t\t\t<div class=\"elementor-widget-container\">\n\t\t\t\t\t\t\t\t\t<div class=\"elementor-button-wrapper\">\n\t\t\t\t\t<a class=\"elementor-button elementor-button-link elementor-size-sm\" href=\"\/ru\/homepage-galerija\/forest-room-galerija\/\">\n\t\t\t\t\t\t<span class=\"elementor-button-content-wrapper\">\n\t\t\t\t\t\t\t\t\t<span class=\"elementor-button-text\">Apskat\u012bt<\/span>\n\t\t\t\t\t<\/span>\n\t\t\t\t\t<\/a>\n\t\t\t\t<\/div>\n\t\t\t\t\t\t\t\t<\/div>\n\t\t\t\t<\/div>\n\t\t\t\t<\/div>\n\t\t<div class=\"elementor-element elementor-element-8e2e6bb e-con-full e-flex e-con e-child\" data-id=\"8e2e6bb\" data-element_type=\"container\" data-settings=\"{&quot;background_background&quot;:&quot;classic&quot;,&quot;jet_parallax_layout_list&quot;:[]}\">\n\t\t\t\t<div class=\"elementor-element elementor-element-9d027cc elementor-widget elementor-widget-heading\" data-id=\"9d027cc\" data-element_type=\"widget\" data-widget_type=\"heading.default\">\n\t\t\t\t<div class=\"elementor-widget-container\">\n\t\t\t\t\t<h3 class=\"elementor-heading-title elementor-size-default\">Hill Room<\/h3>\t\t\t\t<\/div>\n\t\t\t\t<\/div>\n\t\t\t\t<div class=\"elementor-element elementor-element-f01bde9 elementor-widget elementor-widget-button\" data-id=\"f01bde9\" data-element_type=\"widget\" data-widget_type=\"button.default\">\n\t\t\t\t<div class=\"elementor-widget-container\">\n\t\t\t\t\t\t\t\t\t<div class=\"elementor-button-wrapper\">\n\t\t\t\t\t<a class=\"elementor-button elementor-button-link elementor-size-sm\" href=\"\/ru\/homepage-galerija\/nature-room-galerija\/\">\n\t\t\t\t\t\t<span class=\"elementor-button-content-wrapper\">\n\t\t\t\t\t\t\t\t\t<span class=\"elementor-button-text\">Apskat\u012bt<\/span>\n\t\t\t\t\t<\/span>\n\t\t\t\t\t<\/a>\n\t\t\t\t<\/div>\n\t\t\t\t\t\t\t\t<\/div>\n\t\t\t\t<\/div>\n\t\t\t\t<\/div>\n\t\t\t\t\t<\/div>\n\t\t\t\t<\/div>\n\t\t\t\t<\/div>","protected":false},"excerpt":{"rendered":"<p>Galerija Apskati tuv\u0101k abas m\u016bsu m\u0101jas &#8211; ZeME Forest Room un ZeME Nature Room Forest Room Apskat\u012bt Hill Room Apskat\u012bt<\/p>","protected":false},"author":1,"featured_media":0,"parent":0,"menu_order":0,"comment_status":"closed","ping_status":"closed","template":"","meta":{"site-sidebar-layout":"no-sidebar","site-content-layout":"page-builder","ast-site-content-layout":"full-width-container","site-content-style":"default","site-sidebar-style":"default","ast-global-header-display":"","ast-banner-title-visibility":"","ast-main-header-display":"","ast-hfb-above-header-display":"","ast-hfb-below-header-display":"","ast-hfb-mobile-header-display":"","site-post-title":"disabled","ast-breadcrumbs-content":"","ast-featured-img":"disabled","footer-sml-layout":"","theme-transparent-header-meta":"","adv-header-id-meta":"","stick-header-meta":"","header-above-stick-meta":"","header-main-stick-meta":"","header-below-stick-meta":"","astra-migrate-meta-layouts":"set","ast-page-background-enabled":"default","ast-page-background-meta":{"desktop":{"background-color":"","background-image":"","background-repeat":"repeat","background-position":"center center","background-size":"auto","background-attachment":"scroll","background-type":"","background-media":"","overlay-type":"","overlay-color":"","overlay-opacity":"","overlay-gradient":""},"tablet":{"background-color":"","background-image":"","background-repeat":"repeat","background-position":"center center","background-size":"auto","background-attachment":"scroll","background-type":"","background-media":"","overlay-type":"","overlay-color":"","overlay-opacity":"","overlay-gradient":""},"mobile":{"background-color":"","background-image":"","background-repeat":"repeat","background-position":"center center","background-size":"auto","background-attachment":"scroll","background-type":"","background-media":"","overlay-type":"","overlay-color":"","overlay-opacity":"","overlay-gradient":""}},"ast-content-background-meta":{"desktop":{"background-color":"var(--ast-global-color-5)","background-image":"","background-repeat":"repeat","background-position":"center center","background-size":"auto","background-attachment":"scroll","background-type":"","background-media":"","overlay-type":"","overlay-color":"","overlay-opacity":"","overlay-gradient":""},"tablet":{"background-color":"var(--ast-global-color-5)","background-image":"","background-repeat":"repeat","background-position":"center center","background-size":"auto","background-attachment":"scroll","background-type":"","background-media":"","overlay-type":"","overlay-color":"","overlay-opacity":"","overlay-gradient":""},"mobile":{"background-color":"var(--ast-global-color-5)","background-image":"","background-repeat":"repeat","background-position":"center center","background-size":"auto","background-attachment":"scroll","background-type":"","background-media":"","overlay-type":"","overlay-color":"","overlay-opacity":"","overlay-gradient":""}},"footnotes":""},"class_list":["post-3201","page","type-page","status-publish","hentry"],"yoast_head":"<!-- This site is optimized with the Yoast SEO plugin v25.5 - https:\/\/yoast.com\/wordpress\/plugins\/seo\/ -->\n<title>Galerija - ZeME Nature Room<\/title>\n<meta name=\"robots\" content=\"index, follow, max-snippet:-1, max-image-preview:large, max-video-preview:-1\" \/>\n<link rel=\"canonical\" href=\"https:\/\/zemeroom.lv\/ru\/galerija\/\" \/>\n<meta property=\"og:locale\" content=\"ru_RU\" \/>\n<meta property=\"og:type\" content=\"article\" \/>\n<meta property=\"og:title\" content=\"Galerija - ZeME Nature Room\" \/>\n<meta property=\"og:description\" content=\"Galerija Apskati tuv\u0101k abas m\u016bsu m\u0101jas &#8211; ZeME Forest Room un ZeME Nature Room Forest Room Apskat\u012bt Hill Room Apskat\u012bt\" \/>\n<meta property=\"og:url\" content=\"https:\/\/zemeroom.lv\/ru\/galerija\/\" \/>\n<meta property=\"og:site_name\" content=\"ZeME Nature Room\" \/>\n<meta property=\"article:modified_time\" content=\"2026-01-24T07:39:35+00:00\" \/>\n<meta name=\"twitter:card\" content=\"summary_large_image\" \/>\n<meta name=\"twitter:label1\" content=\"\u041f\u0440\u0438\u043c\u0435\u0440\u043d\u043e\u0435 \u0432\u0440\u0435\u043c\u044f \u0434\u043b\u044f \u0447\u0442\u0435\u043d\u0438\u044f\" \/>\n\t<meta name=\"twitter:data1\" content=\"1 \u043c\u0438\u043d\u0443\u0442\u0430\" \/>\n<script type=\"application\/ld+json\" class=\"yoast-schema-graph\">{\"@context\":\"https:\/\/schema.org\",\"@graph\":[{\"@type\":\"WebPage\",\"@id\":\"https:\/\/zemeroom.lv\/galerija\/\",\"url\":\"https:\/\/zemeroom.lv\/galerija\/\",\"name\":\"Galerija - ZeME Nature Room\",\"isPartOf\":{\"@id\":\"https:\/\/zemeroom.lv\/#website\"},\"datePublished\":\"2025-07-29T17:52:35+00:00\",\"dateModified\":\"2026-01-24T07:39:35+00:00\",\"breadcrumb\":{\"@id\":\"https:\/\/zemeroom.lv\/galerija\/#breadcrumb\"},\"inLanguage\":\"ru-RU\",\"potentialAction\":[{\"@type\":\"ReadAction\",\"target\":[\"https:\/\/zemeroom.lv\/galerija\/\"]}]},{\"@type\":\"BreadcrumbList\",\"@id\":\"https:\/\/zemeroom.lv\/galerija\/#breadcrumb\",\"itemListElement\":[{\"@type\":\"ListItem\",\"position\":1,\"name\":\"Home\",\"item\":\"https:\/\/zemeroom.lv\/\"},{\"@type\":\"ListItem\",\"position\":2,\"name\":\"Galerija\"}]},{\"@type\":\"WebSite\",\"@id\":\"https:\/\/zemeroom.lv\/#website\",\"url\":\"https:\/\/zemeroom.lv\/\",\"name\":\"ZeME Nature Room\",\"description\":\"\",\"publisher\":{\"@id\":\"https:\/\/zemeroom.lv\/#organization\"},\"potentialAction\":[{\"@type\":\"SearchAction\",\"target\":{\"@type\":\"EntryPoint\",\"urlTemplate\":\"https:\/\/zemeroom.lv\/?s={search_term_string}\"},\"query-input\":{\"@type\":\"PropertyValueSpecification\",\"valueRequired\":true,\"valueName\":\"search_term_string\"}}],\"inLanguage\":\"ru-RU\"},{\"@type\":\"Organization\",\"@id\":\"https:\/\/zemeroom.lv\/#organization\",\"name\":\"ZeME Room\",\"url\":\"https:\/\/zemeroom.lv\/\",\"logo\":{\"@type\":\"ImageObject\",\"inLanguage\":\"ru-RU\",\"@id\":\"https:\/\/zemeroom.lv\/#\/schema\/logo\/image\/\",\"url\":\"https:\/\/zemeroom.lv\/wp-content\/uploads\/2023\/08\/cropped-logo-cropped-dark.png\",\"contentUrl\":\"https:\/\/zemeroom.lv\/wp-content\/uploads\/2023\/08\/cropped-logo-cropped-dark.png\",\"width\":203,\"height\":197,\"caption\":\"ZeME Room\"},\"image\":{\"@id\":\"https:\/\/zemeroom.lv\/#\/schema\/logo\/image\/\"}}]}<\/script>\n<!-- \/ Yoast SEO plugin. -->","yoast_head_json":{"title":"Galerija - ZeME Nature Room","robots":{"index":"index","follow":"follow","max-snippet":"max-snippet:-1","max-image-preview":"max-image-preview:large","max-video-preview":"max-video-preview:-1"},"canonical":"https:\/\/zemeroom.lv\/ru\/galerija\/","og_locale":"ru_RU","og_type":"article","og_title":"Galerija - ZeME Nature Room","og_description":"Galerija Apskati tuv\u0101k abas m\u016bsu m\u0101jas &#8211; ZeME Forest Room un ZeME Nature Room Forest Room Apskat\u012bt Hill Room Apskat\u012bt","og_url":"https:\/\/zemeroom.lv\/ru\/galerija\/","og_site_name":"ZeME Nature Room","article_modified_time":"2026-01-24T07:39:35+00:00","twitter_card":"summary_large_image","twitter_misc":{"\u041f\u0440\u0438\u043c\u0435\u0440\u043d\u043e\u0435 \u0432\u0440\u0435\u043c\u044f \u0434\u043b\u044f \u0447\u0442\u0435\u043d\u0438\u044f":"1 \u043c\u0438\u043d\u0443\u0442\u0430"},"schema":{"@context":"https:\/\/schema.org","@graph":[{"@type":"WebPage","@id":"https:\/\/zemeroom.lv\/galerija\/","url":"https:\/\/zemeroom.lv\/galerija\/","name":"Galerija - ZeME Nature Room","isPartOf":{"@id":"https:\/\/zemeroom.lv\/#website"},"datePublished":"2025-07-29T17:52:35+00:00","dateModified":"2026-01-24T07:39:35+00:00","breadcrumb":{"@id":"https:\/\/zemeroom.lv\/galerija\/#breadcrumb"},"inLanguage":"ru-RU","potentialAction":[{"@type":"ReadAction","target":["https:\/\/zemeroom.lv\/galerija\/"]}]},{"@type":"BreadcrumbList","@id":"https:\/\/zemeroom.lv\/galerija\/#breadcrumb","itemListElement":[{"@type":"ListItem","position":1,"name":"Home","item":"https:\/\/zemeroom.lv\/"},{"@type":"ListItem","position":2,"name":"Galerija"}]},{"@type":"WebSite","@id":"https:\/\/zemeroom.lv\/#website","url":"https:\/\/zemeroom.lv\/","name":"ZeME Nature Room","description":"","publisher":{"@id":"https:\/\/zemeroom.lv\/#organization"},"potentialAction":[{"@type":"SearchAction","target":{"@type":"EntryPoint","urlTemplate":"https:\/\/zemeroom.lv\/?s={search_term_string}"},"query-input":{"@type":"PropertyValueSpecification","valueRequired":true,"valueName":"search_term_string"}}],"inLanguage":"ru-RU"},{"@type":"Organization","@id":"https:\/\/zemeroom.lv\/#organization","name":"ZeME Room","url":"https:\/\/zemeroom.lv\/","logo":{"@type":"ImageObject","inLanguage":"ru-RU","@id":"https:\/\/zemeroom.lv\/#\/schema\/logo\/image\/","url":"https:\/\/zemeroom.lv\/wp-content\/uploads\/2023\/08\/cropped-logo-cropped-dark.png","contentUrl":"https:\/\/zemeroom.lv\/wp-content\/uploads\/2023\/08\/cropped-logo-cropped-dark.png","width":203,"height":197,"caption":"ZeME Room"},"image":{"@id":"https:\/\/zemeroom.lv\/#\/schema\/logo\/image\/"}}]}},"_links":{"self":[{"href":"https:\/\/zemeroom.lv\/ru\/wp-json\/wp\/v2\/pages\/3201","targetHints":{"allow":["GET"]}}],"collection":[{"href":"https:\/\/zemeroom.lv\/ru\/wp-json\/wp\/v2\/pages"}],"about":[{"href":"https:\/\/zemeroom.lv\/ru\/wp-json\/wp\/v2\/types\/page"}],"author":[{"embeddable":true,"href":"https:\/\/zemeroom.lv\/ru\/wp-json\/wp\/v2\/users\/1"}],"replies":[{"embeddable":true,"href":"https:\/\/zemeroom.lv\/ru\/wp-json\/wp\/v2\/comments?post=3201"}],"version-history":[{"count":28,"href":"https:\/\/zemeroom.lv\/ru\/wp-json\/wp\/v2\/pages\/3201\/revisions"}],"predecessor-version":[{"id":3281,"href":"https:\/\/zemeroom.lv\/ru\/wp-json\/wp\/v2\/pages\/3201\/revisions\/3281"}],"wp:attachment":[{"href":"https:\/\/zemeroom.lv\/ru\/wp-json\/wp\/v2\/media?parent=3201"}],"curies":[{"name":"wp","href":"https:\/\/api.w.org\/{rel}","templated":true}]}}